{"id":128,"date":"2023-01-22T14:24:49","date_gmt":"2023-01-22T13:24:49","guid":{"rendered":"https:\/\/chilbibetriebe.ch\/?page_id=128"},"modified":"2023-02-18T20:42:47","modified_gmt":"2023-02-18T19:42:47","slug":"scorpion-fahrgeschaeft-schweiz","status":"publish","type":"page","link":"https:\/\/chilbibetriebe.ch\/index.php\/scorpion-fahrgeschaeft-schweiz\/","title":{"rendered":"Scorpion"},"content":{"rendered":"\n<div class=\"wp-block-group alignfull has-coffee-background-color has-background is-layout-flow wp-block-group-is-layout-flow\">\n<div class=\"wp-block-columns alignwide is-layout-flex wp-container-core-columns-is-layout-28f84493 wp-block-columns-is-layout-flex\">\n<div class=\"wp-block-column is-layout-flow wp-block-column-is-layout-flow\">\n<p class=\"has-primary-color has-text-color\" style=\"font-size:5vw;line-height:1.1\"><strong>Action-Karussell<\/strong><\/p>\n\n\n\n<div style=\"height:5px\" aria-hidden=\"true\" class=\"wp-block-spacer\"><\/div>\n<\/div>\n<\/div>\n\n\n\n<div class=\"wp-block-columns alignwide is-layout-flex wp-container-core-columns-is-layout-28f84493 wp-block-columns-is-layout-flex\">\n<div class=\"wp-block-column is-layout-flow wp-block-column-is-layout-flow\" style=\"flex-basis:33.38%\">\n<p class=\"has-foreground-color has-text-color has-extra-small-font-size\">Unser erstes grosses Fahrgesch\u00e4ft! Das stellte uns vor neue Herausforderungen. Neu dazu kamen ausserdem ein Lkw, ein Sondertransport mit vier Metern \u00dcberl\u00e4nge, ein Packwagen und zwei Saisonarbeiter. Noch in demselben Fr\u00fchling habe ich die Lkw-Pr\u00fcfung bew\u00e4ltigt und bin ab dem ersten Platz selbst gefahren. Wir mussten viel lernen: Stromanschl\u00fcsse f\u00fcr 160 Ampere kann man nicht einfach anschliessen und die Unterpallung einer 40-Tonnen-Anlage bedarf auch etwas Erfahrung. Beim Betreiben der Anlage ging es gleich weiter: Wie lange kann man die G\u00e4ste fahren lassen, bis ihnen schlecht wird? Welche Spr\u00fcche ziehen beim Rekommandieren? Wahrlich, das war es eine sehr aufregende und anspruchsvolle Zeit! 2019 investierten wir einen gr\u00f6sseren Betrag in die Beleuchtung. Die neuen Pixel-LED-Technologie macht es m\u00f6glich, nicht einfach nur Lauflicht auf der Anlage zu installieren, sondern komplett animierte Lichtshows zu erstellen. <\/p>\n<\/div>\n\n\n\n<div class=\"wp-block-column is-layout-flow wp-block-column-is-layout-flow\" style=\"flex-basis:33%\">\n<div style=\"height:100px\" aria-hidden=\"true\" class=\"wp-block-spacer\"><\/div>\n\n\n\n<figure class=\"wp-block-image size-full\"><img loading=\"lazy\" decoding=\"async\" width=\"488\" height=\"801\" src=\"https:\/\/chilbibetriebe.ch\/wp-content\/uploads\/2023\/01\/Scorpion1.jpg\" alt=\"\" class=\"wp-image-135\" srcset=\"https:\/\/chilbibetriebe.ch\/wp-content\/uploads\/2023\/01\/Scorpion1.jpg 488w, https:\/\/chilbibetriebe.ch\/wp-content\/uploads\/2023\/01\/Scorpion1-183x300.jpg 183w\" sizes=\"auto, (max-width: 488px) 100vw, 488px\" \/><figcaption class=\"wp-element-caption\">Moving head attraction<\/figcaption><\/figure>\n<\/div>\n\n\n\n<div class=\"wp-block-column is-layout-flow wp-block-column-is-layout-flow\" style=\"flex-basis:33.62%\">\n<figure class=\"wp-block-image size-full\"><img loading=\"lazy\" decoding=\"async\" width=\"488\" height=\"800\" src=\"https:\/\/chilbibetriebe.ch\/wp-content\/uploads\/2023\/01\/Scorpion3.jpg\" alt=\"\" class=\"wp-image-137\" srcset=\"https:\/\/chilbibetriebe.ch\/wp-content\/uploads\/2023\/01\/Scorpion3.jpg 488w, https:\/\/chilbibetriebe.ch\/wp-content\/uploads\/2023\/01\/Scorpion3-183x300.jpg 183w\" sizes=\"auto, (max-width: 488px) 100vw, 488px\" \/><figcaption class=\"wp-element-caption\">60 km\/h<\/figcaption><\/figure>\n<\/div>\n<\/div>\n\n\n\n<div class=\"wp-block-columns alignwide is-layout-flex wp-container-core-columns-is-layout-28f84493 wp-block-columns-is-layout-flex\">\n<div class=\"wp-block-column is-layout-flow wp-block-column-is-layout-flow\" style=\"flex-basis:67%\">\n<figure class=\"wp-block-image alignright size-large\"><img loading=\"lazy\" decoding=\"async\" width=\"1024\" height=\"768\" src=\"https:\/\/chilbibetriebe.ch\/wp-content\/uploads\/2023\/01\/Scorpion2-1024x768.jpg\" alt=\"\" class=\"wp-image-136\" srcset=\"https:\/\/chilbibetriebe.ch\/wp-content\/uploads\/2023\/01\/Scorpion2-1024x768.jpg 1024w, https:\/\/chilbibetriebe.ch\/wp-content\/uploads\/2023\/01\/Scorpion2-300x225.jpg 300w, https:\/\/chilbibetriebe.ch\/wp-content\/uploads\/2023\/01\/Scorpion2-768x576.jpg 768w, https:\/\/chilbibetriebe.ch\/wp-content\/uploads\/2023\/01\/Scorpion2.jpg 1333w\" sizes=\"auto, (max-width: 1024px) 100vw, 1024px\" \/><figcaption class=\"wp-element-caption\">Knabenschiessen 2019<\/figcaption><\/figure>\n<\/div>\n\n\n\n<div class=\"wp-block-column is-vertically-aligned-center is-layout-flow wp-block-column-is-layout-flow\" style=\"flex-basis:33%\">\n<p class=\"has-foreground-color has-text-color has-extra-small-font-size\">Damit betreiben wir eine der modernsten Lichtshows der Schweiz! Mit dem Kauf des \u00abScorpions\u00bb war uns bewusst, dass es sich um eine Attraktion handelt, die jedes Jahr auf den Chilbipl\u00e4tzen ausgetauscht wird, um deren Attraktivit\u00e4t zu erh\u00f6hen \u2212 im Gegensatz zu einem Autoscooter, der zur Standardbesatzung eines Festes geh\u00f6rt. So durften wir mit dem \u00abScorpion\u00bb schon an vielen Grossanl\u00e4ssen teilnehmen und die Tournee gestaltet sich jedes Jahr neu. Es bleibt also immer spannend, wo es uns im n\u00e4chsten Jahr hin verschl\u00e4gt.<\/p>\n<\/div>\n<\/div>\n\n\n\n<div class=\"wp-block-group is-layout-constrained wp-block-group-is-layout-constrained\">\n<p class=\"has-large-font-size\">Technische Angaben<\/p>\n<\/div>\n\n\n\n<div class=\"wp-block-group is-layout-constrained wp-block-group-is-layout-constrained\">\n<div class=\"wp-block-columns is-layout-flex wp-container-core-columns-is-layout-28f84493 wp-block-columns-is-layout-flex\">\n<div class=\"wp-block-column is-layout-flow wp-block-column-is-layout-flow\" style=\"flex-basis:100%\">\n<figure class=\"wp-block-table alignleft\"><table><tbody><tr><td>Baujahr<\/td><td>1996<\/td><\/tr><tr><td>Masse<\/td><td>17x19m<\/td><\/tr><tr><td>Flugh\u00f6he<\/td><td>6m<\/td><\/tr><tr><td>Stromanschluss<\/td><td>400VAC, 3NPE, max125A, 90kw<br>CEE125<\/td><\/tr><\/tbody><\/table><\/figure>\n<\/div>\n<\/div>\n<\/div>\n<\/div>\n\n\n\n<div class=\"wp-block-group is-layout-constrained wp-block-group-is-layout-constrained\">\n<figure class=\"wp-block-embed is-type-video is-provider-youtube wp-block-embed-youtube wp-embed-aspect-16-9 wp-has-aspect-ratio\"><div class=\"wp-block-embed__wrapper\">\n<iframe loading=\"lazy\" title=\"Fahrgesch\u00e4ft Scorpion (Tivoli Tristar)\" width=\"500\" height=\"281\" src=\"https:\/\/www.youtube.com\/embed\/Xfsnnk6iyVY?start=4&#038;feature=oembed\" frameborder=\"0\" allow=\"accelerometer; autoplay; clipboard-write; encrypted-media; gyroscope; picture-in-picture; web-share\" referrerpolicy=\"strict-origin-when-cross-origin\" allowfullscreen><\/iframe>\n<\/div><\/figure>\n<\/div>\n","protected":false},"excerpt":{"rendered":"<p>Action-Karussell Unser erstes grosses Fahrgesch\u00e4ft! Das stellte uns vor neue Herausforderungen. Neu dazu kamen ausserdem [&hellip;]<\/p>\n","protected":false},"author":1,"featured_media":0,"parent":0,"menu_order":0,"comment_status":"closed","ping_status":"closed","template":"","meta":{"om_disable_all_campaigns":false,"_monsterinsights_skip_tracking":false,"_monsterinsights_sitenote_active":false,"_monsterinsights_sitenote_note":"","_monsterinsights_sitenote_category":0,"_uf_show_specific_survey":0,"_uf_disable_surveys":false,"footnotes":""},"class_list":["post-128","page","type-page","status-publish","hentry"],"yoast_head":"<!-- This site is optimized with the Yoast SEO plugin v27.4 - https:\/\/yoast.com\/product\/yoast-seo-wordpress\/ -->\n<title>Scorpion - Chilbibetriebe Scorpion, Karussell, Chilbi, Aargau<\/title>\n<meta name=\"description\" content=\"Fahrgesch\u00e4ft, Familieanfahrgesch\u00e4ft, Chilbi, Schausteller. Das rassigste Familienfahrgesch\u00e4ft der Schweiz. F\u00fcr alle Altersklassen\" \/>\n<meta name=\"robots\" content=\"index, follow, max-snippet:-1, max-image-preview:large, max-video-preview:-1\" \/>\n<link rel=\"canonical\" href=\"https:\/\/chilbibetriebe.ch\/index.php\/scorpion-fahrgeschaeft-schweiz\/\" \/>\n<meta property=\"og:locale\" content=\"de_DE\" \/>\n<meta property=\"og:type\" content=\"article\" \/>\n<meta property=\"og:title\" content=\"Scorpion - Chilbibetriebe Scorpion, Karussell, Chilbi, Aargau\" \/>\n<meta property=\"og:description\" content=\"Fahrgesch\u00e4ft, Familieanfahrgesch\u00e4ft, Chilbi, Schausteller. Das rassigste Familienfahrgesch\u00e4ft der Schweiz. F\u00fcr alle Altersklassen\" \/>\n<meta property=\"og:url\" content=\"https:\/\/chilbibetriebe.ch\/index.php\/scorpion-fahrgeschaeft-schweiz\/\" \/>\n<meta property=\"og:site_name\" content=\"Chilbibetriebe\" \/>\n<meta property=\"article:publisher\" content=\"https:\/\/www.facebook.com\/chilbibetriebe\" \/>\n<meta property=\"article:modified_time\" content=\"2023-02-18T19:42:47+00:00\" \/>\n<meta property=\"og:image\" content=\"https:\/\/chilbibetriebe.ch\/wp-content\/uploads\/2023\/01\/Scorpion1.jpg\" \/>\n<meta name=\"twitter:card\" content=\"summary_large_image\" \/>\n<meta name=\"twitter:label1\" content=\"Gesch\u00e4tzte Lesezeit\" \/>\n\t<meta name=\"twitter:data1\" content=\"2\u00a0Minuten\" \/>\n<script type=\"application\/ld+json\" class=\"yoast-schema-graph\">{\"@context\":\"https:\\\/\\\/schema.org\",\"@graph\":[{\"@type\":\"WebPage\",\"@id\":\"https:\\\/\\\/chilbibetriebe.ch\\\/index.php\\\/scorpion-fahrgeschaeft-schweiz\\\/\",\"url\":\"https:\\\/\\\/chilbibetriebe.ch\\\/index.php\\\/scorpion-fahrgeschaeft-schweiz\\\/\",\"name\":\"Scorpion - Chilbibetriebe Scorpion, Karussell, Chilbi, Aargau\",\"isPartOf\":{\"@id\":\"https:\\\/\\\/chilbibetriebe.ch\\\/#website\"},\"primaryImageOfPage\":{\"@id\":\"https:\\\/\\\/chilbibetriebe.ch\\\/index.php\\\/scorpion-fahrgeschaeft-schweiz\\\/#primaryimage\"},\"image\":{\"@id\":\"https:\\\/\\\/chilbibetriebe.ch\\\/index.php\\\/scorpion-fahrgeschaeft-schweiz\\\/#primaryimage\"},\"thumbnailUrl\":\"https:\\\/\\\/chilbibetriebe.ch\\\/wp-content\\\/uploads\\\/2023\\\/01\\\/Scorpion1.jpg\",\"datePublished\":\"2023-01-22T13:24:49+00:00\",\"dateModified\":\"2023-02-18T19:42:47+00:00\",\"description\":\"Fahrgesch\u00e4ft, Familieanfahrgesch\u00e4ft, Chilbi, Schausteller. Das rassigste Familienfahrgesch\u00e4ft der Schweiz. F\u00fcr alle Altersklassen\",\"breadcrumb\":{\"@id\":\"https:\\\/\\\/chilbibetriebe.ch\\\/index.php\\\/scorpion-fahrgeschaeft-schweiz\\\/#breadcrumb\"},\"inLanguage\":\"de\",\"potentialAction\":[{\"@type\":\"ReadAction\",\"target\":[\"https:\\\/\\\/chilbibetriebe.ch\\\/index.php\\\/scorpion-fahrgeschaeft-schweiz\\\/\"]}]},{\"@type\":\"ImageObject\",\"inLanguage\":\"de\",\"@id\":\"https:\\\/\\\/chilbibetriebe.ch\\\/index.php\\\/scorpion-fahrgeschaeft-schweiz\\\/#primaryimage\",\"url\":\"https:\\\/\\\/chilbibetriebe.ch\\\/wp-content\\\/uploads\\\/2023\\\/01\\\/Scorpion1.jpg\",\"contentUrl\":\"https:\\\/\\\/chilbibetriebe.ch\\\/wp-content\\\/uploads\\\/2023\\\/01\\\/Scorpion1.jpg\",\"width\":488,\"height\":801},{\"@type\":\"BreadcrumbList\",\"@id\":\"https:\\\/\\\/chilbibetriebe.ch\\\/index.php\\\/scorpion-fahrgeschaeft-schweiz\\\/#breadcrumb\",\"itemListElement\":[{\"@type\":\"ListItem\",\"position\":1,\"name\":\"Startseite\",\"item\":\"https:\\\/\\\/chilbibetriebe.ch\\\/\"},{\"@type\":\"ListItem\",\"position\":2,\"name\":\"Scorpion\"}]},{\"@type\":\"WebSite\",\"@id\":\"https:\\\/\\\/chilbibetriebe.ch\\\/#website\",\"url\":\"https:\\\/\\\/chilbibetriebe.ch\\\/\",\"name\":\"Chilbibetriebe.ch\",\"description\":\"Autoscooter, Scooter, Scorpion Chilbi, Kilbi, Schausteller, Karussell\",\"publisher\":{\"@id\":\"https:\\\/\\\/chilbibetriebe.ch\\\/#organization\"},\"alternateName\":\"Schuler's Chilbibetriebe\",\"potentialAction\":[{\"@type\":\"SearchAction\",\"target\":{\"@type\":\"EntryPoint\",\"urlTemplate\":\"https:\\\/\\\/chilbibetriebe.ch\\\/?s={search_term_string}\"},\"query-input\":{\"@type\":\"PropertyValueSpecification\",\"valueRequired\":true,\"valueName\":\"search_term_string\"}}],\"inLanguage\":\"de\"},{\"@type\":\"Organization\",\"@id\":\"https:\\\/\\\/chilbibetriebe.ch\\\/#organization\",\"name\":\"Chilbibetriebe.ch\",\"url\":\"https:\\\/\\\/chilbibetriebe.ch\\\/\",\"logo\":{\"@type\":\"ImageObject\",\"inLanguage\":\"de\",\"@id\":\"https:\\\/\\\/chilbibetriebe.ch\\\/#\\\/schema\\\/logo\\\/image\\\/\",\"url\":\"https:\\\/\\\/chilbibetriebe.ch\\\/wp-content\\\/uploads\\\/2023\\\/01\\\/Logo.png\",\"contentUrl\":\"https:\\\/\\\/chilbibetriebe.ch\\\/wp-content\\\/uploads\\\/2023\\\/01\\\/Logo.png\",\"width\":842,\"height\":429,\"caption\":\"Chilbibetriebe.ch\"},\"image\":{\"@id\":\"https:\\\/\\\/chilbibetriebe.ch\\\/#\\\/schema\\\/logo\\\/image\\\/\"},\"sameAs\":[\"https:\\\/\\\/www.facebook.com\\\/chilbibetriebe\"]}]}<\/script>\n<!-- \/ Yoast SEO plugin. -->","yoast_head_json":{"title":"Scorpion - Chilbibetriebe Scorpion, Karussell, Chilbi, Aargau","description":"Fahrgesch\u00e4ft, Familieanfahrgesch\u00e4ft, Chilbi, Schausteller. Das rassigste Familienfahrgesch\u00e4ft der Schweiz. F\u00fcr alle Altersklassen","robots":{"index":"index","follow":"follow","max-snippet":"max-snippet:-1","max-image-preview":"max-image-preview:large","max-video-preview":"max-video-preview:-1"},"canonical":"https:\/\/chilbibetriebe.ch\/index.php\/scorpion-fahrgeschaeft-schweiz\/","og_locale":"de_DE","og_type":"article","og_title":"Scorpion - Chilbibetriebe Scorpion, Karussell, Chilbi, Aargau","og_description":"Fahrgesch\u00e4ft, Familieanfahrgesch\u00e4ft, Chilbi, Schausteller. Das rassigste Familienfahrgesch\u00e4ft der Schweiz. F\u00fcr alle Altersklassen","og_url":"https:\/\/chilbibetriebe.ch\/index.php\/scorpion-fahrgeschaeft-schweiz\/","og_site_name":"Chilbibetriebe","article_publisher":"https:\/\/www.facebook.com\/chilbibetriebe","article_modified_time":"2023-02-18T19:42:47+00:00","og_image":[{"url":"https:\/\/chilbibetriebe.ch\/wp-content\/uploads\/2023\/01\/Scorpion1.jpg","type":"","width":"","height":""}],"twitter_card":"summary_large_image","twitter_misc":{"Gesch\u00e4tzte Lesezeit":"2\u00a0Minuten"},"schema":{"@context":"https:\/\/schema.org","@graph":[{"@type":"WebPage","@id":"https:\/\/chilbibetriebe.ch\/index.php\/scorpion-fahrgeschaeft-schweiz\/","url":"https:\/\/chilbibetriebe.ch\/index.php\/scorpion-fahrgeschaeft-schweiz\/","name":"Scorpion - Chilbibetriebe Scorpion, Karussell, Chilbi, Aargau","isPartOf":{"@id":"https:\/\/chilbibetriebe.ch\/#website"},"primaryImageOfPage":{"@id":"https:\/\/chilbibetriebe.ch\/index.php\/scorpion-fahrgeschaeft-schweiz\/#primaryimage"},"image":{"@id":"https:\/\/chilbibetriebe.ch\/index.php\/scorpion-fahrgeschaeft-schweiz\/#primaryimage"},"thumbnailUrl":"https:\/\/chilbibetriebe.ch\/wp-content\/uploads\/2023\/01\/Scorpion1.jpg","datePublished":"2023-01-22T13:24:49+00:00","dateModified":"2023-02-18T19:42:47+00:00","description":"Fahrgesch\u00e4ft, Familieanfahrgesch\u00e4ft, Chilbi, Schausteller. Das rassigste Familienfahrgesch\u00e4ft der Schweiz. F\u00fcr alle Altersklassen","breadcrumb":{"@id":"https:\/\/chilbibetriebe.ch\/index.php\/scorpion-fahrgeschaeft-schweiz\/#breadcrumb"},"inLanguage":"de","potentialAction":[{"@type":"ReadAction","target":["https:\/\/chilbibetriebe.ch\/index.php\/scorpion-fahrgeschaeft-schweiz\/"]}]},{"@type":"ImageObject","inLanguage":"de","@id":"https:\/\/chilbibetriebe.ch\/index.php\/scorpion-fahrgeschaeft-schweiz\/#primaryimage","url":"https:\/\/chilbibetriebe.ch\/wp-content\/uploads\/2023\/01\/Scorpion1.jpg","contentUrl":"https:\/\/chilbibetriebe.ch\/wp-content\/uploads\/2023\/01\/Scorpion1.jpg","width":488,"height":801},{"@type":"BreadcrumbList","@id":"https:\/\/chilbibetriebe.ch\/index.php\/scorpion-fahrgeschaeft-schweiz\/#breadcrumb","itemListElement":[{"@type":"ListItem","position":1,"name":"Startseite","item":"https:\/\/chilbibetriebe.ch\/"},{"@type":"ListItem","position":2,"name":"Scorpion"}]},{"@type":"WebSite","@id":"https:\/\/chilbibetriebe.ch\/#website","url":"https:\/\/chilbibetriebe.ch\/","name":"Chilbibetriebe.ch","description":"Autoscooter, Scooter, Scorpion Chilbi, Kilbi, Schausteller, Karussell","publisher":{"@id":"https:\/\/chilbibetriebe.ch\/#organization"},"alternateName":"Schuler's Chilbibetriebe","potentialAction":[{"@type":"SearchAction","target":{"@type":"EntryPoint","urlTemplate":"https:\/\/chilbibetriebe.ch\/?s={search_term_string}"},"query-input":{"@type":"PropertyValueSpecification","valueRequired":true,"valueName":"search_term_string"}}],"inLanguage":"de"},{"@type":"Organization","@id":"https:\/\/chilbibetriebe.ch\/#organization","name":"Chilbibetriebe.ch","url":"https:\/\/chilbibetriebe.ch\/","logo":{"@type":"ImageObject","inLanguage":"de","@id":"https:\/\/chilbibetriebe.ch\/#\/schema\/logo\/image\/","url":"https:\/\/chilbibetriebe.ch\/wp-content\/uploads\/2023\/01\/Logo.png","contentUrl":"https:\/\/chilbibetriebe.ch\/wp-content\/uploads\/2023\/01\/Logo.png","width":842,"height":429,"caption":"Chilbibetriebe.ch"},"image":{"@id":"https:\/\/chilbibetriebe.ch\/#\/schema\/logo\/image\/"},"sameAs":["https:\/\/www.facebook.com\/chilbibetriebe"]}]}},"jetpack_sharing_enabled":true,"_links":{"self":[{"href":"https:\/\/chilbibetriebe.ch\/index.php\/wp-json\/wp\/v2\/pages\/128","targetHints":{"allow":["GET"]}}],"collection":[{"href":"https:\/\/chilbibetriebe.ch\/index.php\/wp-json\/wp\/v2\/pages"}],"about":[{"href":"https:\/\/chilbibetriebe.ch\/index.php\/wp-json\/wp\/v2\/types\/page"}],"author":[{"embeddable":true,"href":"https:\/\/chilbibetriebe.ch\/index.php\/wp-json\/wp\/v2\/users\/1"}],"replies":[{"embeddable":true,"href":"https:\/\/chilbibetriebe.ch\/index.php\/wp-json\/wp\/v2\/comments?post=128"}],"version-history":[{"count":4,"href":"https:\/\/chilbibetriebe.ch\/index.php\/wp-json\/wp\/v2\/pages\/128\/revisions"}],"predecessor-version":[{"id":148,"href":"https:\/\/chilbibetriebe.ch\/index.php\/wp-json\/wp\/v2\/pages\/128\/revisions\/148"}],"wp:attachment":[{"href":"https:\/\/chilbibetriebe.ch\/index.php\/wp-json\/wp\/v2\/media?parent=128"}],"curies":[{"name":"wp","href":"https:\/\/api.w.org\/{rel}","templated":true}]}}