{"id":50,"date":"2023-01-19T13:30:34","date_gmt":"2023-01-19T12:30:34","guid":{"rendered":"https:\/\/chilbibetriebe.ch\/?page_id=50"},"modified":"2023-02-18T20:40:57","modified_gmt":"2023-02-18T19:40:57","slug":"autoscooter-schweiz","status":"publish","type":"page","link":"https:\/\/chilbibetriebe.ch\/index.php\/autoscooter-schweiz\/","title":{"rendered":"Autoscooter"},"content":{"rendered":"\n<div class=\"wp-block-group alignfull has-coffee-background-color has-background is-layout-flow wp-block-group-is-layout-flow\">\n<div class=\"wp-block-columns alignwide is-layout-flex wp-container-core-columns-is-layout-28f84493 wp-block-columns-is-layout-flex\">\n<div class=\"wp-block-column is-layout-flow wp-block-column-is-layout-flow\">\n<p class=\"has-primary-color has-text-color\" style=\"font-size:3vw;line-height:1\"><strong>Der Klassiker auf jedem Festplatz<\/strong><\/p>\n\n\n\n<div class=\"wp-block-group is-layout-constrained wp-block-group-is-layout-constrained\">\n<div style=\"height:5px\" aria-hidden=\"true\" class=\"wp-block-spacer\"><\/div>\n<\/div>\n<\/div>\n<\/div>\n\n\n\n<div class=\"wp-block-columns alignwide is-layout-flex wp-container-core-columns-is-layout-28f84493 wp-block-columns-is-layout-flex\">\n<div class=\"wp-block-column is-layout-flow wp-block-column-is-layout-flow\" style=\"flex-basis:33.38%\">\n<p class=\"has-foreground-color has-text-color has-extra-small-font-size\">Das ist der absolute Klassiker unter den Fahrgesch\u00e4ften, welcher auf keinem Platz fehlen darf. Es freut uns daher zum 50. Jubil\u00e4um sehr, dieses Gesch\u00e4ft zu \u00fcbernehmen. W\u00e4hrend die Veranstalter Fahrgesch\u00e4fte wie den \u00abScorpion\u00bb j\u00e4hrlich wechseln, um den Festplatz interessant und attraktiv zu halten, z\u00e4hlen beim Autoscooter lange Partnerschaften. Mit dem Autoscooter m\u00f6chten wir wieder etwas mehr Best\u00e4ndigkeit in unseren Tourneeplan hineinbringen. <\/p>\n<\/div>\n\n\n\n<div class=\"wp-block-column is-layout-flow wp-block-column-is-layout-flow\" style=\"flex-basis:33%\">\n<div style=\"height:48px\" aria-hidden=\"true\" class=\"wp-block-spacer\"><\/div>\n\n\n\n<figure class=\"wp-block-image size-full is-resized\"><img loading=\"lazy\" decoding=\"async\" src=\"https:\/\/chilbibetriebe.ch\/wp-content\/uploads\/2023\/01\/AutoHochEcke.jpg\" alt=\"\" class=\"wp-image-111\" width=\"227\" height=\"369\" srcset=\"https:\/\/chilbibetriebe.ch\/wp-content\/uploads\/2023\/01\/AutoHochEcke.jpg 543w, https:\/\/chilbibetriebe.ch\/wp-content\/uploads\/2023\/01\/AutoHochEcke-184x300.jpg 184w\" sizes=\"auto, (max-width: 227px) 100vw, 227px\" \/><\/figure>\n<\/div>\n\n\n\n<div class=\"wp-block-column is-layout-flow wp-block-column-is-layout-flow\" style=\"flex-basis:33.62%\">\n<figure class=\"wp-block-image size-full\"><img loading=\"lazy\" decoding=\"async\" width=\"710\" height=\"715\" src=\"https:\/\/chilbibetriebe.ch\/wp-content\/uploads\/2023\/01\/Element-1.png\" alt=\"\" class=\"wp-image-110\" srcset=\"https:\/\/chilbibetriebe.ch\/wp-content\/uploads\/2023\/01\/Element-1.png 710w, https:\/\/chilbibetriebe.ch\/wp-content\/uploads\/2023\/01\/Element-1-298x300.png 298w, https:\/\/chilbibetriebe.ch\/wp-content\/uploads\/2023\/01\/Element-1-150x150.png 150w\" sizes=\"auto, (max-width: 710px) 100vw, 710px\" \/><\/figure>\n<\/div>\n<\/div>\n\n\n\n<div class=\"wp-block-columns alignwide is-layout-flex wp-container-core-columns-is-layout-28f84493 wp-block-columns-is-layout-flex\">\n<div class=\"wp-block-column is-layout-flow wp-block-column-is-layout-flow\" style=\"flex-basis:67%\">\n<figure class=\"wp-block-image aligncenter size-large is-resized\"><img loading=\"lazy\" decoding=\"async\" src=\"https:\/\/chilbibetriebe.ch\/wp-content\/uploads\/2023\/01\/AutoscooterTotal-1024x462.jpg\" alt=\"\" class=\"wp-image-122\" width=\"1450\" height=\"653\" srcset=\"https:\/\/chilbibetriebe.ch\/wp-content\/uploads\/2023\/01\/AutoscooterTotal-1024x462.jpg 1024w, https:\/\/chilbibetriebe.ch\/wp-content\/uploads\/2023\/01\/AutoscooterTotal-300x135.jpg 300w, https:\/\/chilbibetriebe.ch\/wp-content\/uploads\/2023\/01\/AutoscooterTotal-768x346.jpg 768w, https:\/\/chilbibetriebe.ch\/wp-content\/uploads\/2023\/01\/AutoscooterTotal.jpg 1420w\" sizes=\"auto, (max-width: 1450px) 100vw, 1450px\" \/><figcaption class=\"wp-element-caption\">Autoscooter Highway No1<\/figcaption><\/figure>\n<\/div>\n<\/div>\n\n\n\n<p>Nat\u00fcrlich w\u00e4ren wir nicht von diesem Schritt \u00fcberzeugt, wenn wir keine Ideen h\u00e4tten, wie man das Gesch\u00e4ft mit dem Autoscooter mehr beleben kann. Jedoch bleiben wir beim gleichen Konzept wie beim \u00abScorpion\u00bb: Zuerst das Gesch\u00e4ft \u00fcbernehmen und wie die Vorbesitzer weiterbetreiben, daraus Erfahrungen sammeln und danach eigenen Ideen nachgehen. Die erste kleine Erneuerung haben wir f\u00fcr die kommende Saison geplant.<br><br><\/p>\n\n\n\n<div class=\"wp-block-media-text alignwide is-stacked-on-mobile\"><figure class=\"wp-block-media-text__media\"><img loading=\"lazy\" decoding=\"async\" width=\"1024\" height=\"769\" src=\"https:\/\/chilbibetriebe.ch\/wp-content\/uploads\/2023\/01\/IMG_0069-1024x769.jpg\" alt=\"\" class=\"wp-image-114 size-full\" srcset=\"https:\/\/chilbibetriebe.ch\/wp-content\/uploads\/2023\/01\/IMG_0069-1024x769.jpg 1024w, https:\/\/chilbibetriebe.ch\/wp-content\/uploads\/2023\/01\/IMG_0069-300x225.jpg 300w, https:\/\/chilbibetriebe.ch\/wp-content\/uploads\/2023\/01\/IMG_0069-768x576.jpg 768w, https:\/\/chilbibetriebe.ch\/wp-content\/uploads\/2023\/01\/IMG_0069.jpg 1179w\" sizes=\"auto, (max-width: 1024px) 100vw, 1024px\" \/><\/figure><div class=\"wp-block-media-text__content\">\n<figure id=\"tech-autoscooter\" class=\"wp-block-table\"><table><tbody><tr><td>Baujahr<\/td><td>1987<\/td><\/tr><tr><td>Masse<\/td><td>31x16m<\/td><\/tr><tr><td>Stromanschluss<\/td><td>400VAC, 3NPE, max. 125A<br>CEE125<\/td><\/tr><tr><td>Aufbauzeit<\/td><td>1.5 Tage<\/td><\/tr><tr><td>Transporte<\/td><td>3 LKW Transporte<\/td><\/tr><\/tbody><\/table><\/figure>\n<\/div><\/div>\n<\/div>\n","protected":false},"excerpt":{"rendered":"<p>Der Klassiker auf jedem Festplatz Das ist der absolute Klassiker unter den Fahrgesch\u00e4ften, welcher auf [&hellip;]<\/p>\n","protected":false},"author":1,"featured_media":0,"parent":0,"menu_order":0,"comment_status":"closed","ping_status":"closed","template":"","meta":{"om_disable_all_campaigns":false,"_monsterinsights_skip_tracking":false,"_monsterinsights_sitenote_active":false,"_monsterinsights_sitenote_note":"","_monsterinsights_sitenote_category":0,"_uf_show_specific_survey":0,"_uf_disable_surveys":false,"footnotes":""},"class_list":["post-50","page","type-page","status-publish","hentry"],"yoast_head":"<!-- This site is optimized with the Yoast SEO plugin v27.4 - https:\/\/yoast.com\/product\/yoast-seo-wordpress\/ -->\n<title>Autoscooter - Chilbibetriebe , Autoscooter, Chilbi, Fest, Aargau<\/title>\n<meta name=\"description\" content=\"Autoscooter number 1. Technische Daten zum Autoscooter. Unsere Geschichte zum Autoscooter. Entstehungsgeschichte des Autoscooter. %\" \/>\n<meta name=\"robots\" content=\"index, follow, max-snippet:-1, max-image-preview:large, max-video-preview:-1\" \/>\n<link rel=\"canonical\" href=\"https:\/\/chilbibetriebe.ch\/index.php\/autoscooter-schweiz\/\" \/>\n<meta property=\"og:locale\" content=\"de_DE\" \/>\n<meta property=\"og:type\" content=\"article\" \/>\n<meta property=\"og:title\" content=\"Autoscooter - Chilbibetriebe , Autoscooter, Chilbi, Fest, Aargau\" \/>\n<meta property=\"og:description\" content=\"Autoscooter number 1. Technische Daten zum Autoscooter. Unsere Geschichte zum Autoscooter. Entstehungsgeschichte des Autoscooter. %\" \/>\n<meta property=\"og:url\" content=\"https:\/\/chilbibetriebe.ch\/index.php\/autoscooter-schweiz\/\" \/>\n<meta property=\"og:site_name\" content=\"Chilbibetriebe\" \/>\n<meta property=\"article:publisher\" content=\"https:\/\/www.facebook.com\/chilbibetriebe\" \/>\n<meta property=\"article:modified_time\" content=\"2023-02-18T19:40:57+00:00\" \/>\n<meta property=\"og:image\" content=\"https:\/\/chilbibetriebe.ch\/wp-content\/uploads\/2023\/01\/AutoHochEcke.jpg\" \/>\n<meta name=\"twitter:card\" content=\"summary_large_image\" \/>\n<meta name=\"twitter:label1\" content=\"Gesch\u00e4tzte Lesezeit\" \/>\n\t<meta name=\"twitter:data1\" content=\"2\u00a0Minuten\" \/>\n<script type=\"application\/ld+json\" class=\"yoast-schema-graph\">{\"@context\":\"https:\\\/\\\/schema.org\",\"@graph\":[{\"@type\":\"WebPage\",\"@id\":\"https:\\\/\\\/chilbibetriebe.ch\\\/index.php\\\/autoscooter-schweiz\\\/\",\"url\":\"https:\\\/\\\/chilbibetriebe.ch\\\/index.php\\\/autoscooter-schweiz\\\/\",\"name\":\"Autoscooter - Chilbibetriebe , Autoscooter, Chilbi, Fest, Aargau\",\"isPartOf\":{\"@id\":\"https:\\\/\\\/chilbibetriebe.ch\\\/#website\"},\"primaryImageOfPage\":{\"@id\":\"https:\\\/\\\/chilbibetriebe.ch\\\/index.php\\\/autoscooter-schweiz\\\/#primaryimage\"},\"image\":{\"@id\":\"https:\\\/\\\/chilbibetriebe.ch\\\/index.php\\\/autoscooter-schweiz\\\/#primaryimage\"},\"thumbnailUrl\":\"https:\\\/\\\/chilbibetriebe.ch\\\/wp-content\\\/uploads\\\/2023\\\/01\\\/AutoHochEcke.jpg\",\"datePublished\":\"2023-01-19T12:30:34+00:00\",\"dateModified\":\"2023-02-18T19:40:57+00:00\",\"description\":\"Autoscooter number 1. Technische Daten zum Autoscooter. Unsere Geschichte zum Autoscooter. Entstehungsgeschichte des Autoscooter. %\",\"breadcrumb\":{\"@id\":\"https:\\\/\\\/chilbibetriebe.ch\\\/index.php\\\/autoscooter-schweiz\\\/#breadcrumb\"},\"inLanguage\":\"de\",\"potentialAction\":[{\"@type\":\"ReadAction\",\"target\":[\"https:\\\/\\\/chilbibetriebe.ch\\\/index.php\\\/autoscooter-schweiz\\\/\"]}]},{\"@type\":\"ImageObject\",\"inLanguage\":\"de\",\"@id\":\"https:\\\/\\\/chilbibetriebe.ch\\\/index.php\\\/autoscooter-schweiz\\\/#primaryimage\",\"url\":\"https:\\\/\\\/chilbibetriebe.ch\\\/wp-content\\\/uploads\\\/2023\\\/01\\\/AutoHochEcke.jpg\",\"contentUrl\":\"https:\\\/\\\/chilbibetriebe.ch\\\/wp-content\\\/uploads\\\/2023\\\/01\\\/AutoHochEcke.jpg\",\"width\":543,\"height\":885},{\"@type\":\"BreadcrumbList\",\"@id\":\"https:\\\/\\\/chilbibetriebe.ch\\\/index.php\\\/autoscooter-schweiz\\\/#breadcrumb\",\"itemListElement\":[{\"@type\":\"ListItem\",\"position\":1,\"name\":\"Startseite\",\"item\":\"https:\\\/\\\/chilbibetriebe.ch\\\/\"},{\"@type\":\"ListItem\",\"position\":2,\"name\":\"Autoscooter\"}]},{\"@type\":\"WebSite\",\"@id\":\"https:\\\/\\\/chilbibetriebe.ch\\\/#website\",\"url\":\"https:\\\/\\\/chilbibetriebe.ch\\\/\",\"name\":\"Chilbibetriebe.ch\",\"description\":\"Autoscooter, Scooter, Scorpion Chilbi, Kilbi, Schausteller, Karussell\",\"publisher\":{\"@id\":\"https:\\\/\\\/chilbibetriebe.ch\\\/#organization\"},\"alternateName\":\"Schuler's Chilbibetriebe\",\"potentialAction\":[{\"@type\":\"SearchAction\",\"target\":{\"@type\":\"EntryPoint\",\"urlTemplate\":\"https:\\\/\\\/chilbibetriebe.ch\\\/?s={search_term_string}\"},\"query-input\":{\"@type\":\"PropertyValueSpecification\",\"valueRequired\":true,\"valueName\":\"search_term_string\"}}],\"inLanguage\":\"de\"},{\"@type\":\"Organization\",\"@id\":\"https:\\\/\\\/chilbibetriebe.ch\\\/#organization\",\"name\":\"Chilbibetriebe.ch\",\"url\":\"https:\\\/\\\/chilbibetriebe.ch\\\/\",\"logo\":{\"@type\":\"ImageObject\",\"inLanguage\":\"de\",\"@id\":\"https:\\\/\\\/chilbibetriebe.ch\\\/#\\\/schema\\\/logo\\\/image\\\/\",\"url\":\"https:\\\/\\\/chilbibetriebe.ch\\\/wp-content\\\/uploads\\\/2023\\\/01\\\/Logo.png\",\"contentUrl\":\"https:\\\/\\\/chilbibetriebe.ch\\\/wp-content\\\/uploads\\\/2023\\\/01\\\/Logo.png\",\"width\":842,\"height\":429,\"caption\":\"Chilbibetriebe.ch\"},\"image\":{\"@id\":\"https:\\\/\\\/chilbibetriebe.ch\\\/#\\\/schema\\\/logo\\\/image\\\/\"},\"sameAs\":[\"https:\\\/\\\/www.facebook.com\\\/chilbibetriebe\"]}]}<\/script>\n<!-- \/ Yoast SEO plugin. -->","yoast_head_json":{"title":"Autoscooter - Chilbibetriebe , Autoscooter, Chilbi, Fest, Aargau","description":"Autoscooter number 1. Technische Daten zum Autoscooter. Unsere Geschichte zum Autoscooter. Entstehungsgeschichte des Autoscooter. %","robots":{"index":"index","follow":"follow","max-snippet":"max-snippet:-1","max-image-preview":"max-image-preview:large","max-video-preview":"max-video-preview:-1"},"canonical":"https:\/\/chilbibetriebe.ch\/index.php\/autoscooter-schweiz\/","og_locale":"de_DE","og_type":"article","og_title":"Autoscooter - Chilbibetriebe , Autoscooter, Chilbi, Fest, Aargau","og_description":"Autoscooter number 1. Technische Daten zum Autoscooter. Unsere Geschichte zum Autoscooter. Entstehungsgeschichte des Autoscooter. %","og_url":"https:\/\/chilbibetriebe.ch\/index.php\/autoscooter-schweiz\/","og_site_name":"Chilbibetriebe","article_publisher":"https:\/\/www.facebook.com\/chilbibetriebe","article_modified_time":"2023-02-18T19:40:57+00:00","og_image":[{"url":"https:\/\/chilbibetriebe.ch\/wp-content\/uploads\/2023\/01\/AutoHochEcke.jpg","type":"","width":"","height":""}],"twitter_card":"summary_large_image","twitter_misc":{"Gesch\u00e4tzte Lesezeit":"2\u00a0Minuten"},"schema":{"@context":"https:\/\/schema.org","@graph":[{"@type":"WebPage","@id":"https:\/\/chilbibetriebe.ch\/index.php\/autoscooter-schweiz\/","url":"https:\/\/chilbibetriebe.ch\/index.php\/autoscooter-schweiz\/","name":"Autoscooter - Chilbibetriebe , Autoscooter, Chilbi, Fest, Aargau","isPartOf":{"@id":"https:\/\/chilbibetriebe.ch\/#website"},"primaryImageOfPage":{"@id":"https:\/\/chilbibetriebe.ch\/index.php\/autoscooter-schweiz\/#primaryimage"},"image":{"@id":"https:\/\/chilbibetriebe.ch\/index.php\/autoscooter-schweiz\/#primaryimage"},"thumbnailUrl":"https:\/\/chilbibetriebe.ch\/wp-content\/uploads\/2023\/01\/AutoHochEcke.jpg","datePublished":"2023-01-19T12:30:34+00:00","dateModified":"2023-02-18T19:40:57+00:00","description":"Autoscooter number 1. Technische Daten zum Autoscooter. Unsere Geschichte zum Autoscooter. Entstehungsgeschichte des Autoscooter. %","breadcrumb":{"@id":"https:\/\/chilbibetriebe.ch\/index.php\/autoscooter-schweiz\/#breadcrumb"},"inLanguage":"de","potentialAction":[{"@type":"ReadAction","target":["https:\/\/chilbibetriebe.ch\/index.php\/autoscooter-schweiz\/"]}]},{"@type":"ImageObject","inLanguage":"de","@id":"https:\/\/chilbibetriebe.ch\/index.php\/autoscooter-schweiz\/#primaryimage","url":"https:\/\/chilbibetriebe.ch\/wp-content\/uploads\/2023\/01\/AutoHochEcke.jpg","contentUrl":"https:\/\/chilbibetriebe.ch\/wp-content\/uploads\/2023\/01\/AutoHochEcke.jpg","width":543,"height":885},{"@type":"BreadcrumbList","@id":"https:\/\/chilbibetriebe.ch\/index.php\/autoscooter-schweiz\/#breadcrumb","itemListElement":[{"@type":"ListItem","position":1,"name":"Startseite","item":"https:\/\/chilbibetriebe.ch\/"},{"@type":"ListItem","position":2,"name":"Autoscooter"}]},{"@type":"WebSite","@id":"https:\/\/chilbibetriebe.ch\/#website","url":"https:\/\/chilbibetriebe.ch\/","name":"Chilbibetriebe.ch","description":"Autoscooter, Scooter, Scorpion Chilbi, Kilbi, Schausteller, Karussell","publisher":{"@id":"https:\/\/chilbibetriebe.ch\/#organization"},"alternateName":"Schuler's Chilbibetriebe","potentialAction":[{"@type":"SearchAction","target":{"@type":"EntryPoint","urlTemplate":"https:\/\/chilbibetriebe.ch\/?s={search_term_string}"},"query-input":{"@type":"PropertyValueSpecification","valueRequired":true,"valueName":"search_term_string"}}],"inLanguage":"de"},{"@type":"Organization","@id":"https:\/\/chilbibetriebe.ch\/#organization","name":"Chilbibetriebe.ch","url":"https:\/\/chilbibetriebe.ch\/","logo":{"@type":"ImageObject","inLanguage":"de","@id":"https:\/\/chilbibetriebe.ch\/#\/schema\/logo\/image\/","url":"https:\/\/chilbibetriebe.ch\/wp-content\/uploads\/2023\/01\/Logo.png","contentUrl":"https:\/\/chilbibetriebe.ch\/wp-content\/uploads\/2023\/01\/Logo.png","width":842,"height":429,"caption":"Chilbibetriebe.ch"},"image":{"@id":"https:\/\/chilbibetriebe.ch\/#\/schema\/logo\/image\/"},"sameAs":["https:\/\/www.facebook.com\/chilbibetriebe"]}]}},"jetpack_sharing_enabled":true,"_links":{"self":[{"href":"https:\/\/chilbibetriebe.ch\/index.php\/wp-json\/wp\/v2\/pages\/50","targetHints":{"allow":["GET"]}}],"collection":[{"href":"https:\/\/chilbibetriebe.ch\/index.php\/wp-json\/wp\/v2\/pages"}],"about":[{"href":"https:\/\/chilbibetriebe.ch\/index.php\/wp-json\/wp\/v2\/types\/page"}],"author":[{"embeddable":true,"href":"https:\/\/chilbibetriebe.ch\/index.php\/wp-json\/wp\/v2\/users\/1"}],"replies":[{"embeddable":true,"href":"https:\/\/chilbibetriebe.ch\/index.php\/wp-json\/wp\/v2\/comments?post=50"}],"version-history":[{"count":8,"href":"https:\/\/chilbibetriebe.ch\/index.php\/wp-json\/wp\/v2\/pages\/50\/revisions"}],"predecessor-version":[{"id":127,"href":"https:\/\/chilbibetriebe.ch\/index.php\/wp-json\/wp\/v2\/pages\/50\/revisions\/127"}],"wp:attachment":[{"href":"https:\/\/chilbibetriebe.ch\/index.php\/wp-json\/wp\/v2\/media?parent=50"}],"curies":[{"name":"wp","href":"https:\/\/api.w.org\/{rel}","templated":true}]}}