{"id":54,"date":"2023-01-19T13:36:42","date_gmt":"2023-01-19T12:36:42","guid":{"rendered":"https:\/\/chilbibetriebe.ch\/?page_id=54"},"modified":"2023-01-21T09:01:48","modified_gmt":"2023-01-21T08:01:48","slug":"ueber-uns","status":"publish","type":"page","link":"https:\/\/chilbibetriebe.ch\/index.php\/ueber-uns\/","title":{"rendered":"\u00dcber uns"},"content":{"rendered":"\n<div class=\"wp-block-media-text alignfull is-stacked-on-mobile is-vertically-aligned-center\" style=\"grid-template-columns:31% auto\"><figure class=\"wp-block-media-text__media\"><img loading=\"lazy\" decoding=\"async\" width=\"754\" height=\"944\" src=\"https:\/\/chilbibetriebe.ch\/wp-content\/uploads\/2023\/01\/Retroschaukel.jpg\" alt=\"\" class=\"wp-image-57 size-full\" srcset=\"https:\/\/chilbibetriebe.ch\/wp-content\/uploads\/2023\/01\/Retroschaukel.jpg 754w, https:\/\/chilbibetriebe.ch\/wp-content\/uploads\/2023\/01\/Retroschaukel-240x300.jpg 240w\" sizes=\"auto, (max-width: 754px) 100vw, 754px\" \/><\/figure><div class=\"wp-block-media-text__content\">\n<div class=\"wp-block-group is-layout-constrained wp-block-group-is-layout-constrained\">\n<p class=\"has-primary-color has-text-color has-large-font-size\"><strong>Wie alles begann<\/strong><\/p>\n<\/div>\n\n\n\n<p class=\"has-text-align-left has-extra-small-font-size\">Nachdem Paul Schuler schon mehrere Jahre bei anderen Schaustellern ausgeholfen hatte, wollte er ein eigenes Gesch\u00e4ft betreiben. 1972 konnte er eine Schiffschaukel erwerben, mit der er bis zu seinem Lebensende 2013 gereist ist. Anfangs hatte die Schiffschaukel noch kein Podium und so musste man bei jedem Schiff hinaufsteigen, um den G\u00e4sten den ersten Anstoss zu geben. Wegen des vielen Muskelkaters hat er sich entschlossen, ein Podium anzubauen. So konnte man die Schaukeln auf einer Ebene bedienen und in diesem Stil blieb sie bis heute erhalten. Nun ist die Schiffschaukel 120 Jahre alt und bereits 50 Jahre in Familienbesitz.<\/p>\n<\/div><\/div>\n\n\n\n<div class=\"wp-block-group alignwide is-content-justification-center is-layout-constrained wp-container-core-group-is-layout-b772f419 wp-block-group-is-layout-constrained\">\n<p class=\"has-huge-font-size\"><strong>50 Jahre jung im Wandel der Zeit<\/strong><\/p>\n\n\n\n<div class=\"wp-block-columns is-layout-flex wp-container-core-columns-is-layout-28f84493 wp-block-columns-is-layout-flex\">\n<div class=\"wp-block-column is-layout-flow wp-block-column-is-layout-flow\">\n<p>Vor 50 Jahren hat die Reise mit dem Kauf unserer Schiffschaukel begonnen. \u00dcblicherweise w\u00fcrde man jetzt vielleicht mit einer Erfolgsgeschichte prahlen und das Erreichte feiern. Doch es geht auch etwas besonnener. Es gibt gen\u00fcgend Schausteller, die in viel k\u00fcrzerer Zeit mehr erreicht haben. Jedoch sind nicht wenige wieder eingegangen. Zudem ist zu sagen, dass Schaustellerbetriebe meist Familienbetriebe sind, manche in siebter, achter Generation. So gesehen ist unsere Firma in der zweiten Generation ein sehr junges Unternehmen.<\/p>\n<\/div>\n\n\n\n<div class=\"wp-block-column is-layout-flow wp-block-column-is-layout-flow\">\n<figure class=\"wp-block-embed is-type-video is-provider-youtube wp-block-embed-youtube wp-embed-aspect-16-9 wp-has-aspect-ratio\"><div class=\"wp-block-embed__wrapper\">\n<iframe loading=\"lazy\" title=\"50 Jahre Schuler&#039;s Chilbibetriebe 01\" width=\"500\" height=\"281\" src=\"https:\/\/www.youtube.com\/embed\/UPxNMduPYvg?start=1&#038;feature=oembed\" frameborder=\"0\" allow=\"accelerometer; autoplay; clipboard-write; encrypted-media; gyroscope; picture-in-picture; web-share\" referrerpolicy=\"strict-origin-when-cross-origin\" allowfullscreen><\/iframe>\n<\/div><\/figure>\n<\/div>\n<\/div>\n<\/div>\n\n\n\n<div class=\"wp-block-columns is-layout-flex wp-container-core-columns-is-layout-28f84493 wp-block-columns-is-layout-flex\">\n<div class=\"wp-block-column is-layout-flow wp-block-column-is-layout-flow\" style=\"flex-basis:100%\"><\/div>\n<\/div>\n\n\n\n<div class=\"wp-block-columns alignwide is-layout-flex wp-container-core-columns-is-layout-28f84493 wp-block-columns-is-layout-flex\">\n<div class=\"wp-block-column has-luminous-vivid-amber-background-color has-text-color has-background has-link-color wp-elements-a8e9d092b769adf11c9eef6c923af8e6 is-layout-flow wp-block-column-is-layout-flow\" style=\"color:#000000;padding-top:2em;padding-right:2em;padding-bottom:2em;padding-left:2em\">\n<h2 class=\"wp-block-heading\" id=\"single\" style=\"font-size:40px\"><strong>Erste <\/strong><br><strong>Generation<\/strong><\/h2>\n\n\n\n<p class=\"has-normal-font-size\" style=\"line-height:1.5\">Paul Schuler hat zwar gern davon geredet, wie sch\u00f6n es w\u00e4re, ein grosses Fahrgesch\u00e4ft zu besitzen, jedoch traute er sich nie, diesen finanziellen Kraftakt zu vollziehen. So reiste er zufrieden mit seiner Schiffschaukel im Z\u00fcrcher Unterland abseits der Grossanl\u00e4sse von Dorf zu Dorf. Schliesslich musste er eine sechsk\u00f6pfige Familie ern\u00e4hren. Eine Vollzeitstelle als Lagerist gab ihm die Sicherheit eines geregelten Einkommens. Mit der Chilbi wurde das Feriengeld aufgebessert. 1978 kamen dann ein Karussell und eine Schiessbude dazu, diese erg\u00e4nzten das Angebot f\u00fcr die kleinen Dorffeste.<\/p>\n<\/div>\n\n\n\n<div class=\"wp-block-column has-text-color has-background has-link-color wp-elements-b59283991da63c9332e81c20eb9aaeaa is-layout-flow wp-block-column-is-layout-flow\" style=\"color:#000000;background-color:#38dc9a;padding-top:2em;padding-right:2em;padding-bottom:2em;padding-left:2em\">\n<h2 class=\"wp-block-heading\" id=\"family\" style=\"font-size:40px\"><strong>Heutige <\/strong><br>Generation<\/h2>\n\n\n\n<p class=\"has-normal-font-size\" style=\"line-height:1.5\">Heute f\u00fchren meine Frau und ich die Gesch\u00e4fte, wobei wir die Ausrichtung der Firma an unsere Bed\u00fcrfnisse angepasst haben. Mit dem Kauf des \u00abBasketballs\u00bb 2011 konnten wir erste Erfahrungen mit Grossanl\u00e4ssen sammeln und mit diesem neu gewonnenen Wissen haben wir uns klar dazu entschieden, in diesem Bereich zu expandieren. Der Kauf des Fahrgesch\u00e4ftes \u00abScorpion\u00bb gab uns dann den n\u00f6tigen Schub, um unsere Leidenschaft zum Beruf zu machen.<\/p>\n<\/div>\n\n\n\n<div class=\"wp-block-column has-text-color has-background has-link-color wp-elements-d29ac8cef8038b7402c6ec71b6e9dc41 is-layout-flow wp-block-column-is-layout-flow\" style=\"color:#000000;background-color:#6ce4f4;padding-top:2em;padding-right:2em;padding-bottom:2em;padding-left:2em\">\n<h2 class=\"has-foreground-color has-text-color wp-block-heading\" id=\"patron\" style=\"font-size:40px\"><strong>Zuk\u00fcnftige Generation<\/strong><\/h2>\n\n\n\n<p class=\"has-normal-font-size\">Ob unsere Kinder das Gesch\u00e4ft einmal \u00fcbernehmen werden, wissen wir heute nicht. Im Moment gehen sie in die dritte und sechste Klasse. Der Bub versucht sich mit der E-Gitarre und das Meitli wagt erste Experimente mit Schminke. Nat\u00fcrlich kommen beide ab und zu mit uns, um zu lernen, wo das Geld herkommt \u2212 uns hat es auch nicht geschadet, bei der Arbeit dabei zu sein. Jedoch versuchen wir alles, um ihnen eine gute Schulzeit zu erm\u00f6glichen. Im Wohnwagen hinter dem Fahrgesch\u00e4ft bei tosendem Sound f\u00fcr eine h\u00f6here Mathematikpr\u00fcfung zu b\u00fcffeln, m\u00f6chten wir ihnen ersparen. Ob und wie sie in unsere Fusstapfen treten werden, k\u00f6nnen wir fr\u00fchsten in zehn Jahren beurteilen.<\/p>\n<\/div>\n<\/div>\n","protected":false},"excerpt":{"rendered":"<p>50 Jahre jung im Wandel der Zeit Vor 50 Jahren hat die Reise mit dem [&hellip;]<\/p>\n","protected":false},"author":1,"featured_media":0,"parent":0,"menu_order":1,"comment_status":"closed","ping_status":"closed","template":"","meta":{"om_disable_all_campaigns":false,"_monsterinsights_skip_tracking":false,"_monsterinsights_sitenote_active":false,"_monsterinsights_sitenote_note":"","_monsterinsights_sitenote_category":0,"_uf_show_specific_survey":0,"_uf_disable_surveys":false,"footnotes":""},"class_list":["post-54","page","type-page","status-publish","hentry"],"yoast_head":"<!-- This site is optimized with the Yoast SEO plugin v27.4 - https:\/\/yoast.com\/product\/yoast-seo-wordpress\/ -->\n<title>Schuler&#039;s Chilbibetriebe, der Werdegang unserer Firma %<\/title>\n<meta name=\"description\" content=\"Schiffschaukel, Autoscooter, Geschichte, Familienunternehmen, Seit 1972, Schausteller aus Leidenschaft, Die Generationen\" \/>\n<meta name=\"robots\" content=\"index, follow, max-snippet:-1, max-image-preview:large, max-video-preview:-1\" \/>\n<link rel=\"canonical\" href=\"https:\/\/chilbibetriebe.ch\/index.php\/ueber-uns\/\" \/>\n<meta property=\"og:locale\" content=\"de_DE\" \/>\n<meta property=\"og:type\" content=\"article\" \/>\n<meta property=\"og:title\" content=\"Schuler&#039;s Chilbibetriebe, der Werdegang unserer Firma %\" \/>\n<meta property=\"og:description\" content=\"Schiffschaukel, Autoscooter, Geschichte, Familienunternehmen, Seit 1972, Schausteller aus Leidenschaft, Die Generationen\" \/>\n<meta property=\"og:url\" content=\"https:\/\/chilbibetriebe.ch\/index.php\/ueber-uns\/\" \/>\n<meta property=\"og:site_name\" content=\"Chilbibetriebe\" \/>\n<meta property=\"article:publisher\" content=\"https:\/\/www.facebook.com\/chilbibetriebe\" \/>\n<meta property=\"article:modified_time\" content=\"2023-01-21T08:01:48+00:00\" \/>\n<meta property=\"og:image\" content=\"https:\/\/chilbibetriebe.ch\/wp-content\/uploads\/2023\/01\/Retroschaukel.jpg\" \/>\n<meta name=\"twitter:card\" content=\"summary_large_image\" \/>\n<meta name=\"twitter:label1\" content=\"Gesch\u00e4tzte Lesezeit\" \/>\n\t<meta name=\"twitter:data1\" content=\"3\u00a0Minuten\" \/>\n<script type=\"application\/ld+json\" class=\"yoast-schema-graph\">{\"@context\":\"https:\\\/\\\/schema.org\",\"@graph\":[{\"@type\":\"WebPage\",\"@id\":\"https:\\\/\\\/chilbibetriebe.ch\\\/index.php\\\/ueber-uns\\\/\",\"url\":\"https:\\\/\\\/chilbibetriebe.ch\\\/index.php\\\/ueber-uns\\\/\",\"name\":\"Schuler's Chilbibetriebe, der Werdegang unserer Firma %\",\"isPartOf\":{\"@id\":\"https:\\\/\\\/chilbibetriebe.ch\\\/#website\"},\"primaryImageOfPage\":{\"@id\":\"https:\\\/\\\/chilbibetriebe.ch\\\/index.php\\\/ueber-uns\\\/#primaryimage\"},\"image\":{\"@id\":\"https:\\\/\\\/chilbibetriebe.ch\\\/index.php\\\/ueber-uns\\\/#primaryimage\"},\"thumbnailUrl\":\"https:\\\/\\\/chilbibetriebe.ch\\\/wp-content\\\/uploads\\\/2023\\\/01\\\/Retroschaukel.jpg\",\"datePublished\":\"2023-01-19T12:36:42+00:00\",\"dateModified\":\"2023-01-21T08:01:48+00:00\",\"description\":\"Schiffschaukel, Autoscooter, Geschichte, Familienunternehmen, Seit 1972, Schausteller aus Leidenschaft, Die Generationen\",\"breadcrumb\":{\"@id\":\"https:\\\/\\\/chilbibetriebe.ch\\\/index.php\\\/ueber-uns\\\/#breadcrumb\"},\"inLanguage\":\"de\",\"potentialAction\":[{\"@type\":\"ReadAction\",\"target\":[\"https:\\\/\\\/chilbibetriebe.ch\\\/index.php\\\/ueber-uns\\\/\"]}]},{\"@type\":\"ImageObject\",\"inLanguage\":\"de\",\"@id\":\"https:\\\/\\\/chilbibetriebe.ch\\\/index.php\\\/ueber-uns\\\/#primaryimage\",\"url\":\"https:\\\/\\\/chilbibetriebe.ch\\\/wp-content\\\/uploads\\\/2023\\\/01\\\/Retroschaukel.jpg\",\"contentUrl\":\"https:\\\/\\\/chilbibetriebe.ch\\\/wp-content\\\/uploads\\\/2023\\\/01\\\/Retroschaukel.jpg\",\"width\":754,\"height\":944},{\"@type\":\"BreadcrumbList\",\"@id\":\"https:\\\/\\\/chilbibetriebe.ch\\\/index.php\\\/ueber-uns\\\/#breadcrumb\",\"itemListElement\":[{\"@type\":\"ListItem\",\"position\":1,\"name\":\"Startseite\",\"item\":\"https:\\\/\\\/chilbibetriebe.ch\\\/\"},{\"@type\":\"ListItem\",\"position\":2,\"name\":\"\u00dcber uns\"}]},{\"@type\":\"WebSite\",\"@id\":\"https:\\\/\\\/chilbibetriebe.ch\\\/#website\",\"url\":\"https:\\\/\\\/chilbibetriebe.ch\\\/\",\"name\":\"Chilbibetriebe.ch\",\"description\":\"Autoscooter, Scooter, Scorpion Chilbi, Kilbi, Schausteller, Karussell\",\"publisher\":{\"@id\":\"https:\\\/\\\/chilbibetriebe.ch\\\/#organization\"},\"alternateName\":\"Schuler's Chilbibetriebe\",\"potentialAction\":[{\"@type\":\"SearchAction\",\"target\":{\"@type\":\"EntryPoint\",\"urlTemplate\":\"https:\\\/\\\/chilbibetriebe.ch\\\/?s={search_term_string}\"},\"query-input\":{\"@type\":\"PropertyValueSpecification\",\"valueRequired\":true,\"valueName\":\"search_term_string\"}}],\"inLanguage\":\"de\"},{\"@type\":\"Organization\",\"@id\":\"https:\\\/\\\/chilbibetriebe.ch\\\/#organization\",\"name\":\"Chilbibetriebe.ch\",\"url\":\"https:\\\/\\\/chilbibetriebe.ch\\\/\",\"logo\":{\"@type\":\"ImageObject\",\"inLanguage\":\"de\",\"@id\":\"https:\\\/\\\/chilbibetriebe.ch\\\/#\\\/schema\\\/logo\\\/image\\\/\",\"url\":\"https:\\\/\\\/chilbibetriebe.ch\\\/wp-content\\\/uploads\\\/2023\\\/01\\\/Logo.png\",\"contentUrl\":\"https:\\\/\\\/chilbibetriebe.ch\\\/wp-content\\\/uploads\\\/2023\\\/01\\\/Logo.png\",\"width\":842,\"height\":429,\"caption\":\"Chilbibetriebe.ch\"},\"image\":{\"@id\":\"https:\\\/\\\/chilbibetriebe.ch\\\/#\\\/schema\\\/logo\\\/image\\\/\"},\"sameAs\":[\"https:\\\/\\\/www.facebook.com\\\/chilbibetriebe\"]}]}<\/script>\n<!-- \/ Yoast SEO plugin. -->","yoast_head_json":{"title":"Schuler's Chilbibetriebe, der Werdegang unserer Firma %","description":"Schiffschaukel, Autoscooter, Geschichte, Familienunternehmen, Seit 1972, Schausteller aus Leidenschaft, Die Generationen","robots":{"index":"index","follow":"follow","max-snippet":"max-snippet:-1","max-image-preview":"max-image-preview:large","max-video-preview":"max-video-preview:-1"},"canonical":"https:\/\/chilbibetriebe.ch\/index.php\/ueber-uns\/","og_locale":"de_DE","og_type":"article","og_title":"Schuler's Chilbibetriebe, der Werdegang unserer Firma %","og_description":"Schiffschaukel, Autoscooter, Geschichte, Familienunternehmen, Seit 1972, Schausteller aus Leidenschaft, Die Generationen","og_url":"https:\/\/chilbibetriebe.ch\/index.php\/ueber-uns\/","og_site_name":"Chilbibetriebe","article_publisher":"https:\/\/www.facebook.com\/chilbibetriebe","article_modified_time":"2023-01-21T08:01:48+00:00","og_image":[{"url":"https:\/\/chilbibetriebe.ch\/wp-content\/uploads\/2023\/01\/Retroschaukel.jpg","type":"","width":"","height":""}],"twitter_card":"summary_large_image","twitter_misc":{"Gesch\u00e4tzte Lesezeit":"3\u00a0Minuten"},"schema":{"@context":"https:\/\/schema.org","@graph":[{"@type":"WebPage","@id":"https:\/\/chilbibetriebe.ch\/index.php\/ueber-uns\/","url":"https:\/\/chilbibetriebe.ch\/index.php\/ueber-uns\/","name":"Schuler's Chilbibetriebe, der Werdegang unserer Firma %","isPartOf":{"@id":"https:\/\/chilbibetriebe.ch\/#website"},"primaryImageOfPage":{"@id":"https:\/\/chilbibetriebe.ch\/index.php\/ueber-uns\/#primaryimage"},"image":{"@id":"https:\/\/chilbibetriebe.ch\/index.php\/ueber-uns\/#primaryimage"},"thumbnailUrl":"https:\/\/chilbibetriebe.ch\/wp-content\/uploads\/2023\/01\/Retroschaukel.jpg","datePublished":"2023-01-19T12:36:42+00:00","dateModified":"2023-01-21T08:01:48+00:00","description":"Schiffschaukel, Autoscooter, Geschichte, Familienunternehmen, Seit 1972, Schausteller aus Leidenschaft, Die Generationen","breadcrumb":{"@id":"https:\/\/chilbibetriebe.ch\/index.php\/ueber-uns\/#breadcrumb"},"inLanguage":"de","potentialAction":[{"@type":"ReadAction","target":["https:\/\/chilbibetriebe.ch\/index.php\/ueber-uns\/"]}]},{"@type":"ImageObject","inLanguage":"de","@id":"https:\/\/chilbibetriebe.ch\/index.php\/ueber-uns\/#primaryimage","url":"https:\/\/chilbibetriebe.ch\/wp-content\/uploads\/2023\/01\/Retroschaukel.jpg","contentUrl":"https:\/\/chilbibetriebe.ch\/wp-content\/uploads\/2023\/01\/Retroschaukel.jpg","width":754,"height":944},{"@type":"BreadcrumbList","@id":"https:\/\/chilbibetriebe.ch\/index.php\/ueber-uns\/#breadcrumb","itemListElement":[{"@type":"ListItem","position":1,"name":"Startseite","item":"https:\/\/chilbibetriebe.ch\/"},{"@type":"ListItem","position":2,"name":"\u00dcber uns"}]},{"@type":"WebSite","@id":"https:\/\/chilbibetriebe.ch\/#website","url":"https:\/\/chilbibetriebe.ch\/","name":"Chilbibetriebe.ch","description":"Autoscooter, Scooter, Scorpion Chilbi, Kilbi, Schausteller, Karussell","publisher":{"@id":"https:\/\/chilbibetriebe.ch\/#organization"},"alternateName":"Schuler's Chilbibetriebe","potentialAction":[{"@type":"SearchAction","target":{"@type":"EntryPoint","urlTemplate":"https:\/\/chilbibetriebe.ch\/?s={search_term_string}"},"query-input":{"@type":"PropertyValueSpecification","valueRequired":true,"valueName":"search_term_string"}}],"inLanguage":"de"},{"@type":"Organization","@id":"https:\/\/chilbibetriebe.ch\/#organization","name":"Chilbibetriebe.ch","url":"https:\/\/chilbibetriebe.ch\/","logo":{"@type":"ImageObject","inLanguage":"de","@id":"https:\/\/chilbibetriebe.ch\/#\/schema\/logo\/image\/","url":"https:\/\/chilbibetriebe.ch\/wp-content\/uploads\/2023\/01\/Logo.png","contentUrl":"https:\/\/chilbibetriebe.ch\/wp-content\/uploads\/2023\/01\/Logo.png","width":842,"height":429,"caption":"Chilbibetriebe.ch"},"image":{"@id":"https:\/\/chilbibetriebe.ch\/#\/schema\/logo\/image\/"},"sameAs":["https:\/\/www.facebook.com\/chilbibetriebe"]}]}},"jetpack_sharing_enabled":true,"_links":{"self":[{"href":"https:\/\/chilbibetriebe.ch\/index.php\/wp-json\/wp\/v2\/pages\/54","targetHints":{"allow":["GET"]}}],"collection":[{"href":"https:\/\/chilbibetriebe.ch\/index.php\/wp-json\/wp\/v2\/pages"}],"about":[{"href":"https:\/\/chilbibetriebe.ch\/index.php\/wp-json\/wp\/v2\/types\/page"}],"author":[{"embeddable":true,"href":"https:\/\/chilbibetriebe.ch\/index.php\/wp-json\/wp\/v2\/users\/1"}],"replies":[{"embeddable":true,"href":"https:\/\/chilbibetriebe.ch\/index.php\/wp-json\/wp\/v2\/comments?post=54"}],"version-history":[{"count":15,"href":"https:\/\/chilbibetriebe.ch\/index.php\/wp-json\/wp\/v2\/pages\/54\/revisions"}],"predecessor-version":[{"id":107,"href":"https:\/\/chilbibetriebe.ch\/index.php\/wp-json\/wp\/v2\/pages\/54\/revisions\/107"}],"wp:attachment":[{"href":"https:\/\/chilbibetriebe.ch\/index.php\/wp-json\/wp\/v2\/media?parent=54"}],"curies":[{"name":"wp","href":"https:\/\/api.w.org\/{rel}","templated":true}]}}