{"id":79,"date":"2023-01-20T18:04:00","date_gmt":"2023-01-20T17:04:00","guid":{"rendered":"https:\/\/chilbibetriebe.ch\/?page_id=79"},"modified":"2023-01-20T18:19:13","modified_gmt":"2023-01-20T17:19:13","slug":"impressum","status":"publish","type":"page","link":"https:\/\/chilbibetriebe.ch\/index.php\/impressum\/","title":{"rendered":"Impressum"},"content":{"rendered":"\n<p><strong><em>Kontakt-Adresse<\/em><\/strong><br>Schuler&#8217;s Chilbbetriebe<br>Franz Schuler<br>Winkelstrasse 14<br>5505 Brunegg<br>Schweiz<\/p>\n\n\n\n<p><strong>E-Mail:<\/strong><br>info@chilbibetriebe.ch<\/p>\n\n\n\n<p><strong><em>Vertretungsberechtigte Person(en)<\/em><\/strong><br>Daniela Schuler<\/p>\n\n\n\n<p><strong><em>Handelsregister-Eintrag<\/em><\/strong><\/p>\n\n\n\n<p>Eingetragener Firmenname:<br><strong>Schuler&#8217;s Chilbbetriebe<\/strong><br><br>Unternehmens-Nr (UID):<br><strong>CHE-233.768.617<\/strong><\/p>\n\n\n\n<p><strong><em>Haftungsausschluss<\/em><\/strong><br>Der Autor \u00fcbernimmt keinerlei Gew\u00e4hr hinsichtlich der inhaltlichen Richtigkeit, Genauigkeit, Aktualit\u00e4t, Zuverl\u00e4ssigkeit und Vollst\u00e4ndigkeit der Informationen.<\/p>\n\n\n\n<p>Haftungsanspr\u00fcche gegen den Autor wegen Sch\u00e4den materieller oder immaterieller Art, welche aus dem Zugriff oder der Nutzung bzw. Nichtnutzung der ver\u00f6ffentlichten Informationen, durch Missbrauch der Verbindung oder durch technische St\u00f6rungen entstanden sind, werden ausgeschlossen.<\/p>\n\n\n\n<p>Alle Angebote sind unverbindlich. Der Autor beh\u00e4lt es sich ausdr\u00fccklich vor, Teile der Seiten oder das gesamte Angebot ohne besondere Ank\u00fcndigung zu ver\u00e4ndern, zu erg\u00e4nzen, zu l\u00f6schen oder die Ver\u00f6ffentlichung zeitweise oder endg\u00fcltig einzustellen.<\/p>\n\n\n\n<p><strong><em>Haftungsausschluss f\u00fcr Links<\/em><\/strong><br>Verweise und Links auf Webseiten Dritter liegen ausserhalb unseres Verantwortungsbereichs. Es wird jegliche Verantwortung f\u00fcr solche Webseiten abgelehnt. Der Zugriff und die Nutzung solcher Webseiten erfolgen auf eigene Gefahr des jeweiligen Nutzers.<\/p>\n\n\n\n<p><strong><em>Urheberrechte<\/em><\/strong><br>Die Urheber- und alle anderen Rechte an Inhalten, Bildern, Fotos oder anderen Dateien auf dieser Website, geh\u00f6ren ausschliesslich\u00a0<strong>Franz Schuler<\/strong>\u00a0oder den speziell genannten Rechteinhabern. F\u00fcr die Reproduktion jeglicher Elemente ist die schriftliche Zustimmung des Urheberrechtstr\u00e4gers im Voraus einzuholen.<\/p>\n\n\n\n<p><br>Quelle:&nbsp;<a href=\"https:\/\/www.swissanwalt.ch\/\" target=\"_blank\" rel=\"noreferrer noopener\">SwissAnwalt<\/a><\/p>\n","protected":false},"excerpt":{"rendered":"<p>Kontakt-AdresseSchuler&#8217;s ChilbbetriebeFranz SchulerWinkelstrasse 145505 BruneggSchweiz E-Mail:info@chilbibetriebe.ch Vertretungsberechtigte Person(en)Daniela Schuler Handelsregister-Eintrag Eingetragener Firmenname:Schuler&#8217;s Chilbbetriebe Unternehmens-Nr (UID):CHE-233.768.617 [&hellip;]<\/p>\n","protected":false},"author":1,"featured_media":0,"parent":0,"menu_order":0,"comment_status":"closed","ping_status":"closed","template":"","meta":{"om_disable_all_campaigns":false,"_monsterinsights_skip_tracking":false,"_monsterinsights_sitenote_active":false,"_monsterinsights_sitenote_note":"","_monsterinsights_sitenote_category":0,"_uf_show_specific_survey":0,"_uf_disable_surveys":false,"footnotes":""},"class_list":["post-79","page","type-page","status-publish","hentry"],"yoast_head":"<!-- This site is optimized with the Yoast SEO plugin v27.4 - https:\/\/yoast.com\/product\/yoast-seo-wordpress\/ -->\n<title>Impressum - Chilbibetriebe<\/title>\n<meta name=\"robots\" content=\"index, follow, max-snippet:-1, max-image-preview:large, max-video-preview:-1\" \/>\n<link rel=\"canonical\" href=\"https:\/\/chilbibetriebe.ch\/index.php\/impressum\/\" \/>\n<meta property=\"og:locale\" content=\"de_DE\" \/>\n<meta property=\"og:type\" content=\"article\" \/>\n<meta property=\"og:title\" content=\"Impressum - Chilbibetriebe\" \/>\n<meta property=\"og:description\" content=\"Kontakt-AdresseSchuler&#8217;s ChilbbetriebeFranz SchulerWinkelstrasse 145505 BruneggSchweiz E-Mail:info@chilbibetriebe.ch Vertretungsberechtigte Person(en)Daniela Schuler Handelsregister-Eintrag Eingetragener Firmenname:Schuler&#8217;s Chilbbetriebe Unternehmens-Nr (UID):CHE-233.768.617 [&hellip;]\" \/>\n<meta property=\"og:url\" content=\"https:\/\/chilbibetriebe.ch\/index.php\/impressum\/\" \/>\n<meta property=\"og:site_name\" content=\"Chilbibetriebe\" \/>\n<meta property=\"article:publisher\" content=\"https:\/\/www.facebook.com\/chilbibetriebe\" \/>\n<meta property=\"article:modified_time\" content=\"2023-01-20T17:19:13+00:00\" \/>\n<meta property=\"og:image\" content=\"https:\/\/chilbibetriebe.ch\/wp-content\/uploads\/2023\/01\/Logo.png\" \/>\n\t<meta property=\"og:image:width\" content=\"842\" \/>\n\t<meta property=\"og:image:height\" content=\"429\" \/>\n\t<meta property=\"og:image:type\" content=\"image\/png\" \/>\n<meta name=\"twitter:card\" content=\"summary_large_image\" \/>\n<meta name=\"twitter:label1\" content=\"Gesch\u00e4tzte Lesezeit\" \/>\n\t<meta name=\"twitter:data1\" content=\"2\u00a0Minuten\" \/>\n<script type=\"application\/ld+json\" class=\"yoast-schema-graph\">{\"@context\":\"https:\\\/\\\/schema.org\",\"@graph\":[{\"@type\":\"WebPage\",\"@id\":\"https:\\\/\\\/chilbibetriebe.ch\\\/index.php\\\/impressum\\\/\",\"url\":\"https:\\\/\\\/chilbibetriebe.ch\\\/index.php\\\/impressum\\\/\",\"name\":\"Impressum - Chilbibetriebe\",\"isPartOf\":{\"@id\":\"https:\\\/\\\/chilbibetriebe.ch\\\/#website\"},\"datePublished\":\"2023-01-20T17:04:00+00:00\",\"dateModified\":\"2023-01-20T17:19:13+00:00\",\"breadcrumb\":{\"@id\":\"https:\\\/\\\/chilbibetriebe.ch\\\/index.php\\\/impressum\\\/#breadcrumb\"},\"inLanguage\":\"de\",\"potentialAction\":[{\"@type\":\"ReadAction\",\"target\":[\"https:\\\/\\\/chilbibetriebe.ch\\\/index.php\\\/impressum\\\/\"]}]},{\"@type\":\"BreadcrumbList\",\"@id\":\"https:\\\/\\\/chilbibetriebe.ch\\\/index.php\\\/impressum\\\/#breadcrumb\",\"itemListElement\":[{\"@type\":\"ListItem\",\"position\":1,\"name\":\"Startseite\",\"item\":\"https:\\\/\\\/chilbibetriebe.ch\\\/\"},{\"@type\":\"ListItem\",\"position\":2,\"name\":\"Impressum\"}]},{\"@type\":\"WebSite\",\"@id\":\"https:\\\/\\\/chilbibetriebe.ch\\\/#website\",\"url\":\"https:\\\/\\\/chilbibetriebe.ch\\\/\",\"name\":\"Chilbibetriebe.ch\",\"description\":\"Autoscooter, Scooter, Scorpion Chilbi, Kilbi, Schausteller, Karussell\",\"publisher\":{\"@id\":\"https:\\\/\\\/chilbibetriebe.ch\\\/#organization\"},\"alternateName\":\"Schuler's Chilbibetriebe\",\"potentialAction\":[{\"@type\":\"SearchAction\",\"target\":{\"@type\":\"EntryPoint\",\"urlTemplate\":\"https:\\\/\\\/chilbibetriebe.ch\\\/?s={search_term_string}\"},\"query-input\":{\"@type\":\"PropertyValueSpecification\",\"valueRequired\":true,\"valueName\":\"search_term_string\"}}],\"inLanguage\":\"de\"},{\"@type\":\"Organization\",\"@id\":\"https:\\\/\\\/chilbibetriebe.ch\\\/#organization\",\"name\":\"Chilbibetriebe.ch\",\"url\":\"https:\\\/\\\/chilbibetriebe.ch\\\/\",\"logo\":{\"@type\":\"ImageObject\",\"inLanguage\":\"de\",\"@id\":\"https:\\\/\\\/chilbibetriebe.ch\\\/#\\\/schema\\\/logo\\\/image\\\/\",\"url\":\"https:\\\/\\\/chilbibetriebe.ch\\\/wp-content\\\/uploads\\\/2023\\\/01\\\/Logo.png\",\"contentUrl\":\"https:\\\/\\\/chilbibetriebe.ch\\\/wp-content\\\/uploads\\\/2023\\\/01\\\/Logo.png\",\"width\":842,\"height\":429,\"caption\":\"Chilbibetriebe.ch\"},\"image\":{\"@id\":\"https:\\\/\\\/chilbibetriebe.ch\\\/#\\\/schema\\\/logo\\\/image\\\/\"},\"sameAs\":[\"https:\\\/\\\/www.facebook.com\\\/chilbibetriebe\"]}]}<\/script>\n<!-- \/ Yoast SEO plugin. -->","yoast_head_json":{"title":"Impressum - Chilbibetriebe","robots":{"index":"index","follow":"follow","max-snippet":"max-snippet:-1","max-image-preview":"max-image-preview:large","max-video-preview":"max-video-preview:-1"},"canonical":"https:\/\/chilbibetriebe.ch\/index.php\/impressum\/","og_locale":"de_DE","og_type":"article","og_title":"Impressum - Chilbibetriebe","og_description":"Kontakt-AdresseSchuler&#8217;s ChilbbetriebeFranz SchulerWinkelstrasse 145505 BruneggSchweiz E-Mail:info@chilbibetriebe.ch Vertretungsberechtigte Person(en)Daniela Schuler Handelsregister-Eintrag Eingetragener Firmenname:Schuler&#8217;s Chilbbetriebe Unternehmens-Nr (UID):CHE-233.768.617 [&hellip;]","og_url":"https:\/\/chilbibetriebe.ch\/index.php\/impressum\/","og_site_name":"Chilbibetriebe","article_publisher":"https:\/\/www.facebook.com\/chilbibetriebe","article_modified_time":"2023-01-20T17:19:13+00:00","og_image":[{"width":842,"height":429,"url":"https:\/\/chilbibetriebe.ch\/wp-content\/uploads\/2023\/01\/Logo.png","type":"image\/png"}],"twitter_card":"summary_large_image","twitter_misc":{"Gesch\u00e4tzte Lesezeit":"2\u00a0Minuten"},"schema":{"@context":"https:\/\/schema.org","@graph":[{"@type":"WebPage","@id":"https:\/\/chilbibetriebe.ch\/index.php\/impressum\/","url":"https:\/\/chilbibetriebe.ch\/index.php\/impressum\/","name":"Impressum - Chilbibetriebe","isPartOf":{"@id":"https:\/\/chilbibetriebe.ch\/#website"},"datePublished":"2023-01-20T17:04:00+00:00","dateModified":"2023-01-20T17:19:13+00:00","breadcrumb":{"@id":"https:\/\/chilbibetriebe.ch\/index.php\/impressum\/#breadcrumb"},"inLanguage":"de","potentialAction":[{"@type":"ReadAction","target":["https:\/\/chilbibetriebe.ch\/index.php\/impressum\/"]}]},{"@type":"BreadcrumbList","@id":"https:\/\/chilbibetriebe.ch\/index.php\/impressum\/#breadcrumb","itemListElement":[{"@type":"ListItem","position":1,"name":"Startseite","item":"https:\/\/chilbibetriebe.ch\/"},{"@type":"ListItem","position":2,"name":"Impressum"}]},{"@type":"WebSite","@id":"https:\/\/chilbibetriebe.ch\/#website","url":"https:\/\/chilbibetriebe.ch\/","name":"Chilbibetriebe.ch","description":"Autoscooter, Scooter, Scorpion Chilbi, Kilbi, Schausteller, Karussell","publisher":{"@id":"https:\/\/chilbibetriebe.ch\/#organization"},"alternateName":"Schuler's Chilbibetriebe","potentialAction":[{"@type":"SearchAction","target":{"@type":"EntryPoint","urlTemplate":"https:\/\/chilbibetriebe.ch\/?s={search_term_string}"},"query-input":{"@type":"PropertyValueSpecification","valueRequired":true,"valueName":"search_term_string"}}],"inLanguage":"de"},{"@type":"Organization","@id":"https:\/\/chilbibetriebe.ch\/#organization","name":"Chilbibetriebe.ch","url":"https:\/\/chilbibetriebe.ch\/","logo":{"@type":"ImageObject","inLanguage":"de","@id":"https:\/\/chilbibetriebe.ch\/#\/schema\/logo\/image\/","url":"https:\/\/chilbibetriebe.ch\/wp-content\/uploads\/2023\/01\/Logo.png","contentUrl":"https:\/\/chilbibetriebe.ch\/wp-content\/uploads\/2023\/01\/Logo.png","width":842,"height":429,"caption":"Chilbibetriebe.ch"},"image":{"@id":"https:\/\/chilbibetriebe.ch\/#\/schema\/logo\/image\/"},"sameAs":["https:\/\/www.facebook.com\/chilbibetriebe"]}]}},"jetpack_sharing_enabled":true,"_links":{"self":[{"href":"https:\/\/chilbibetriebe.ch\/index.php\/wp-json\/wp\/v2\/pages\/79","targetHints":{"allow":["GET"]}}],"collection":[{"href":"https:\/\/chilbibetriebe.ch\/index.php\/wp-json\/wp\/v2\/pages"}],"about":[{"href":"https:\/\/chilbibetriebe.ch\/index.php\/wp-json\/wp\/v2\/types\/page"}],"author":[{"embeddable":true,"href":"https:\/\/chilbibetriebe.ch\/index.php\/wp-json\/wp\/v2\/users\/1"}],"replies":[{"embeddable":true,"href":"https:\/\/chilbibetriebe.ch\/index.php\/wp-json\/wp\/v2\/comments?post=79"}],"version-history":[{"count":1,"href":"https:\/\/chilbibetriebe.ch\/index.php\/wp-json\/wp\/v2\/pages\/79\/revisions"}],"predecessor-version":[{"id":80,"href":"https:\/\/chilbibetriebe.ch\/index.php\/wp-json\/wp\/v2\/pages\/79\/revisions\/80"}],"wp:attachment":[{"href":"https:\/\/chilbibetriebe.ch\/index.php\/wp-json\/wp\/v2\/media?parent=79"}],"curies":[{"name":"wp","href":"https:\/\/api.w.org\/{rel}","templated":true}]}}